{"id":27,"date":"2015-04-27T17:56:13","date_gmt":"2015-04-27T17:56:13","guid":{"rendered":"http:\/\/jamarmoveis.com.br\/?page_id=27"},"modified":"2015-10-15T21:18:42","modified_gmt":"2015-10-15T21:18:42","slug":"empresa","status":"publish","type":"page","link":"https:\/\/jamarmoveis.com.br\/index.php\/empresa\/","title":{"rendered":"Empresa"},"content":{"rendered":"<p>Em outubro de 1990 o marceneiro Jo\u00e3o Jair Ortega (40 anos de profiss\u00e3o) e outro s\u00f3cio decidiram fundar a Jamar M\u00f3veis. Uma marcenaria para produzir m\u00f3veis planejados de qualidade, atendendo as necessidades dos clientes. Primeiramente instalada nos fundos de sua casa em um barrac\u00e3o de 80 m\u00b2. Com o crescimento do neg\u00f3cio e a necessidade de um lugar mais amplo para novas m\u00e1quinas e estoque, e, 1992 adquiriu na rua Dona Ida, pr\u00f3ximo ao zool\u00f3gico municipal de Ara\u00e7atuba uma area f\u00edsica de trabalho com 810 m\u00b2 e transferiu a Jamar M\u00f3veis para o pr\u00e9dio que atua at\u00e9 os dias de hoje.<\/p>\n<p>A Jamar M\u00f3veis atende em Ara\u00e7atuba e regi\u00e3o com frota pr\u00f3pria e maquin\u00e1rio moderno. Com uma equipe de funcion\u00e1rios bem treinados, todos com longo tempo de experi\u00eancia, privando pela pontualidade na entrega, primor na instala\u00e7\u00e3o e qualidade dos materiais utilizados. Os projetos executados s\u00e3o desenvolvidos a partir de software 3D em que o cliente j\u00e1 pode pr\u00e9-visualizar como ficar\u00e1 o ambiente com o m\u00f3vel.<\/p>\n<p>A Jamar M\u00f3veis oferece atendimento aos clientes com \u00e9tica garantindo pre\u00e7os competitivos e solu\u00e7\u00f5es em m\u00f3veis planejados que proporcionam conforto, beleza e funcionalidade para sua casa e sua fam\u00edlia.<\/p>\n","protected":false},"excerpt":{"rendered":"<p>Em outubro de 1990 o marceneiro Jo\u00e3o Jair Ortega (40 anos de profiss\u00e3o) e outro s\u00f3cio decidiram fundar a Jamar M\u00f3veis. Uma marcenaria para produzir m\u00f3veis planejados de qualidade, atendendo as necessidades dos clientes. Primeiramente instalada nos fundos de sua casa em um barrac\u00e3o de 80 m\u00b2. Com o crescimento do neg\u00f3cio e a necessidade &hellip; <a href=\"https:\/\/jamarmoveis.com.br\/index.php\/empresa\/\" class=\"more-link\">Continue lendo <span class=\"screen-reader-text\">Empresa<\/span> <span class=\"meta-nav\">&rarr;<\/span><\/a><\/p>\n","protected":false},"author":1,"featured_media":0,"parent":0,"menu_order":1,"comment_status":"closed","ping_status":"closed","template":"","meta":{"footnotes":""},"class_list":["post-27","page","type-page","status-publish","hentry"],"_links":{"self":[{"href":"https:\/\/jamarmoveis.com.br\/index.php\/wp-json\/wp\/v2\/pages\/27","targetHints":{"allow":["GET"]}}],"collection":[{"href":"https:\/\/jamarmoveis.com.br\/index.php\/wp-json\/wp\/v2\/pages"}],"about":[{"href":"https:\/\/jamarmoveis.com.br\/index.php\/wp-json\/wp\/v2\/types\/page"}],"author":[{"embeddable":true,"href":"https:\/\/jamarmoveis.com.br\/index.php\/wp-json\/wp\/v2\/users\/1"}],"replies":[{"embeddable":true,"href":"https:\/\/jamarmoveis.com.br\/index.php\/wp-json\/wp\/v2\/comments?post=27"}],"version-history":[{"count":5,"href":"https:\/\/jamarmoveis.com.br\/index.php\/wp-json\/wp\/v2\/pages\/27\/revisions"}],"predecessor-version":[{"id":93,"href":"https:\/\/jamarmoveis.com.br\/index.php\/wp-json\/wp\/v2\/pages\/27\/revisions\/93"}],"wp:attachment":[{"href":"https:\/\/jamarmoveis.com.br\/index.php\/wp-json\/wp\/v2\/media?parent=27"}],"curies":[{"name":"wp","href":"https:\/\/api.w.org\/{rel}","templated":true}]}}